{"id":280,"date":"2020-01-07T22:14:55","date_gmt":"2020-01-07T21:14:55","guid":{"rendered":"https:\/\/hilzinger-it.de\/wp-nuvos22\/?page_id=280"},"modified":"2020-02-28T09:18:52","modified_gmt":"2020-02-28T08:18:52","slug":"uebersicht","status":"publish","type":"page","link":"https:\/\/hilzinger-it.de\/wp-nuvos22\/uebersicht\/","title":{"rendered":"\u00dcbersicht"},"content":{"rendered":"<h2>Wie k\u00f6nnen Sie Ihr Unternehmen erfolgreich an die Spitze bringen?<\/h2>\n<h2>Mit dem perfekten Werkzeug f\u00fcr Ihre Gesch\u00e4ftsprozesse:<\/h2>\n<p><img decoding=\"async\" class=\"size-medium wp-image-622 alignnone\" src=\"https:\/\/hilzinger-it.de\/wp-nuvos22\/wp-content\/uploads\/LogoSelectLIneRGB-300x100.png\" alt=\"\" width=\"300\" height=\"100\" srcset=\"https:\/\/hilzinger-it.de\/wp-nuvos22\/wp-content\/uploads\/LogoSelectLIneRGB-300x100.png 300w, https:\/\/hilzinger-it.de\/wp-nuvos22\/wp-content\/uploads\/LogoSelectLIneRGB-1024x341.png 1024w, https:\/\/hilzinger-it.de\/wp-nuvos22\/wp-content\/uploads\/LogoSelectLIneRGB-768x256.png 768w, https:\/\/hilzinger-it.de\/wp-nuvos22\/wp-content\/uploads\/LogoSelectLIneRGB-1536x512.png 1536w, https:\/\/hilzinger-it.de\/wp-nuvos22\/wp-content\/uploads\/LogoSelectLIneRGB.png 1800w\" sizes=\"(max-width: 300px) 100vw, 300px\" \/><\/p>\n<p>Die Hilzinger IT-L\u00f6sungen GmbH hat \u00fcber 15-j\u00e4hrige Erfahrung in der Einf\u00fchrung und dem Betrieb der SelectLine Produkte.<\/p>\n<p>Wir haben langj\u00e4hrige Kunden in den Bereichen:<\/p>\n<ul>\n<li style=\"margin-bottom: 8px;\"><span style=\"color: #333333;\">Produktion, Verarbeitung<\/span><\/li>\n<li style=\"margin-bottom: 8px;\"><span style=\"color: #333333;\">Lokaler Handel<\/span><\/li>\n<li style=\"margin-bottom: 8px;\"><span style=\"color: #333333;\">Internationaler weltweiter Handel und Gro\u00dfhandel und Einkauf<\/span><\/li>\n<li style=\"margin-bottom: 8px;\"><span style=\"color: #333333;\">Dienstleister<\/span><\/li>\n<li style=\"margin-bottom: 8px;\"><span style=\"color: #333333;\">Handwerkliche Dienstleistungen<\/span><\/li>\n<\/ul>\n<p>Unsere Kunden sind in folgenden Branchen zu finden:<\/p>\n<ul>\n<li style=\"margin-bottom: 8px;\"><span style=\"color: #333333;\">Elektronik\/-Elektrotechnik<\/span><\/li>\n<li style=\"margin-bottom: 8px;\"><span style=\"color: #333333;\">Labordiagnostica\/Pharma<\/span><\/li>\n<li style=\"margin-bottom: 8px;\"><span style=\"color: #333333;\">Handelsvertretung<\/span><\/li>\n<li style=\"margin-bottom: 8px;\"><span style=\"color: #333333;\">Uhrenherstellung<\/span><\/li>\n<li style=\"margin-bottom: 8px;\"><span style=\"color: #333333;\">Digitale Verarbeitung<\/span><\/li>\n<li style=\"margin-bottom: 8px;\"><span style=\"color: #333333;\">Metallbearbeitung<\/span><\/li>\n<li style=\"margin-bottom: 8px;\"><span style=\"color: #333333;\">Dentaltechnik<\/span><\/li>\n<li style=\"margin-bottom: 8px;\"><span style=\"color: #333333;\">Spritzgrusswerkzeug-Herstellung<\/span><\/li>\n<li style=\"margin-bottom: 8px;\"><span style=\"color: #333333;\">Spritzguss<\/span><\/li>\n<li style=\"margin-bottom: 8px;\"><span style=\"color: #333333;\">Metallveredelung<\/span><\/li>\n<li style=\"margin-bottom: 8px;\"><span style=\"color: #333333;\">und viele weitere&#8230;<\/span><\/li>\n<\/ul>\n<p><b>Sie m\u00f6chten testen oder sich beraten lassen? Gerne!<br \/>\n<\/b><b>Kontaktieren Sie uns!<\/b><\/p>\n<p><strong>Gerne erhalten Sie eine Demoversion oder einen Vorf\u00fchrung!<\/strong><\/p>\n<p><b><br \/>\n<img fetchpriority=\"high\" decoding=\"async\" class=\"aligncenter wp-image-148 size-full\" src=\"https:\/\/hilzinger-it.de\/wp-nuvos22\/wp-content\/uploads\/2020\/01\/Teaser_Startseite_Ohne_Text.png\" alt=\"\" width=\"2050\" height=\"540\" srcset=\"https:\/\/hilzinger-it.de\/wp-nuvos22\/wp-content\/uploads\/2020\/01\/Teaser_Startseite_Ohne_Text.png 2050w, https:\/\/hilzinger-it.de\/wp-nuvos22\/wp-content\/uploads\/2020\/01\/Teaser_Startseite_Ohne_Text-300x79.png 300w, https:\/\/hilzinger-it.de\/wp-nuvos22\/wp-content\/uploads\/2020\/01\/Teaser_Startseite_Ohne_Text-1024x270.png 1024w, https:\/\/hilzinger-it.de\/wp-nuvos22\/wp-content\/uploads\/2020\/01\/Teaser_Startseite_Ohne_Text-768x202.png 768w, https:\/\/hilzinger-it.de\/wp-nuvos22\/wp-content\/uploads\/2020\/01\/Teaser_Startseite_Ohne_Text-1536x405.png 1536w, https:\/\/hilzinger-it.de\/wp-nuvos22\/wp-content\/uploads\/2020\/01\/Teaser_Startseite_Ohne_Text-2048x539.png 2048w\" sizes=\"(max-width: 2050px) 100vw, 2050px\" \/><br \/>\n<\/b><\/p>\n","protected":false},"excerpt":{"rendered":"<p>Wie k\u00f6nnen Sie Ihr Unternehmen erfolgreich an die Spitze bringen? Mit dem perfekten Werkzeug f\u00fcr Ihre Gesch\u00e4ftsprozesse: Die Hilzinger IT-L\u00f6sungen GmbH hat \u00fcber 15-j\u00e4hrige Erfahrung in der Einf\u00fchrung und dem Betrieb der SelectLine Produkte. Wir haben langj\u00e4hrige Kunden in den Bereichen: Produktion, Verarbeitung Lokaler Handel Internationaler weltweiter Handel und Gro\u00dfhandel und Einkauf Dienstleister Handwerkliche Dienstleistungen &#8230; <a title=\"\u00dcbersicht\" class=\"read-more\" href=\"https:\/\/hilzinger-it.de\/wp-nuvos22\/uebersicht\/\" aria-label=\"Mehr Informationen \u00fcber \u00dcbersicht\">Read more<\/a><\/p>\n","protected":false},"author":2,"featured_media":0,"parent":0,"menu_order":0,"comment_status":"closed","ping_status":"closed","template":"","meta":{"footnotes":""},"class_list":["post-280","page","type-page","status-publish"],"_links":{"self":[{"href":"https:\/\/hilzinger-it.de\/wp-nuvos22\/wp-json\/wp\/v2\/pages\/280","targetHints":{"allow":["GET"]}}],"collection":[{"href":"https:\/\/hilzinger-it.de\/wp-nuvos22\/wp-json\/wp\/v2\/pages"}],"about":[{"href":"https:\/\/hilzinger-it.de\/wp-nuvos22\/wp-json\/wp\/v2\/types\/page"}],"author":[{"embeddable":true,"href":"https:\/\/hilzinger-it.de\/wp-nuvos22\/wp-json\/wp\/v2\/users\/2"}],"replies":[{"embeddable":true,"href":"https:\/\/hilzinger-it.de\/wp-nuvos22\/wp-json\/wp\/v2\/comments?post=280"}],"version-history":[{"count":16,"href":"https:\/\/hilzinger-it.de\/wp-nuvos22\/wp-json\/wp\/v2\/pages\/280\/revisions"}],"predecessor-version":[{"id":650,"href":"https:\/\/hilzinger-it.de\/wp-nuvos22\/wp-json\/wp\/v2\/pages\/280\/revisions\/650"}],"wp:attachment":[{"href":"https:\/\/hilzinger-it.de\/wp-nuvos22\/wp-json\/wp\/v2\/media?parent=280"}],"curies":[{"name":"wp","href":"https:\/\/api.w.org\/{rel}","templated":true}]}}