{"id":21,"date":"2019-10-24T16:56:45","date_gmt":"2019-10-24T14:56:45","guid":{"rendered":"http:\/\/hilzinger-it.de\/wp-nuvos22\/?page_id=21"},"modified":"2020-01-27T18:47:07","modified_gmt":"2020-01-27T17:47:07","slug":"leistungen","status":"publish","type":"page","link":"https:\/\/hilzinger-it.de\/wp-nuvos22\/leistungen\/","title":{"rendered":"PC, Netzwerk, Datensicherheit"},"content":{"rendered":"<p><strong>Unsere Dienstleistungen im Tagesgesch\u00e4ft:<\/strong><\/p>\n<ul>\n<li style=\"margin-bottom: 8px;\"><span style=\"color: #333333;\">PC, Server, Drucker, Peripherie reparieren<\/span><\/li>\n<li style=\"margin-bottom: 8px;\"><span style=\"color: #333333;\">Internetzugang \u00fcber DSL, UMTS, LTE technisch bereitstellen<\/span><\/li>\n<li style=\"margin-bottom: 8px;\"><span style=\"color: #333333;\">Mobiler Internetzugang bereitstellen, <\/span><span style=\"color: #333333;\">(Wir erledigen auch gerne den Antrag f\u00fcr Sie)<\/span><\/li>\n<li style=\"margin-bottom: 8px;\"><span style=\"color: #333333;\">Anbinden von Home-Office, Filiale, Au\u00dfendienst via DSL \/ UMTS, LTE etc.<\/span><br \/>\n<span style=\"color: #333333;\">Einschlie\u00dflich des entfernten Druckens.<\/span><\/li>\n<li style=\"margin-bottom: 8px;\"><span style=\"color: #333333;\">Netzwerkweiter Virenschutz, Firewall implementieren<\/span><\/li>\n<li style=\"margin-bottom: 8px;\"><span style=\"color: #333333;\">Implementieren wirkungsvolle Sicherheitsl\u00f6sungen die das Surfen und E-Mails bereits vor dem Netzwerk auf gef\u00e4hrliche Inhalte und Spam \u00fcberpr\u00fcfen.<\/span><\/li>\n<li style=\"margin-bottom: 8px;\"><span style=\"color: #333333;\">Datensicherung planen, einrichten, \u00fcberwachen<br \/>\n<\/span><\/li>\n<li style=\"margin-bottom: 8px;\"><span style=\"color: #333333;\">E-Mail, Kalender, Adressb\u00fccher unternehmensweit in einem einzigen Produkt einf\u00fchren<\/span><\/li>\n<li style=\"margin-bottom: 8px;\"><span style=\"color: #333333;\">Kaufm\u00e4nnische Software: Beraten, einf\u00fchren\/installieren, warten, updaten, erweitern, anpassen.<\/span><\/li>\n<li style=\"margin-bottom: 8px;\"><span style=\"color: #333333;\">Daten retten.<\/span><span style=\"color: #333333;\"><br \/>\n<\/span><\/li>\n<li style=\"margin-bottom: 8px;\"><span style=\"color: #333333;\">Hilfestellung via Fernwartung \u00fcber Internet.<\/span><\/li>\n<li style=\"margin-bottom: 8px;\"><span style=\"color: #333333;\">Produkte f\u00fcr Energiemanagement im Netzwerk implementieren.<\/span><\/li>\n<li style=\"margin-bottom: 8px;\"><span style=\"color: #333333;\">Administration Ihrer EDV, inkl. Ihrer Anwendungen.<\/span><\/li>\n<\/ul>\n<p><strong>Verwalten<\/strong>:<\/p>\n<ul>\n<li style=\"margin-bottom: 8px;\"><span style=\"color: #333333;\">Betreuen Ihrer kompletten EDV-Anlage vom Kabel bis zur Anwendung<\/span><\/li>\n<li style=\"margin-bottom: 8px;\"><span style=\"color: #333333;\">Updates der Betriebssysteme, Anwendungssoftware, Schutzsoftware installieren, \u00fcberwachen<\/span><\/li>\n<li style=\"margin-bottom: 8px;\"><span style=\"color: #333333;\">Benutzer und Ressourcen einrichten, verwalten<\/span><\/li>\n<li style=\"margin-bottom: 8px;\"><span style=\"color: #333333;\">Datensicherung \u00fcberwachen<\/span><\/li>\n<\/ul>\n<p><strong>Beratung und Verkauf<\/strong>:<\/p>\n<ul>\n<li style=\"margin-bottom: 8px;\"><span style=\"color: #333333;\">Server, PC, Monitore, Drucker, Scanner, Dokumentenscanner, Router, Switche, USV-Anlagen<\/span><\/li>\n<li style=\"margin-bottom: 8px;\"><span style=\"color: #333333;\">Kaufm\u00e4nnische Software, CRM-Software, Kommunikationssoftware, Virenschutz-\/Firewallsoftware, Optimierungssoftware<\/span><\/li>\n<li style=\"margin-bottom: 8px;\"><span style=\"color: #333333;\">Dokumentenmanagement, Arbeitszeiterfassung, Projektzeiterfassung, Fernzugriffsl\u00f6sung<\/span><\/li>\n<li><span style=\"color: #000000;\">L\u00f6sungen f\u00fcr mobiles Arbeiten, Home Office, Au\u00dfendienst<\/span><\/li>\n<\/ul>\n<p>&nbsp;<\/p>\n","protected":false},"excerpt":{"rendered":"<p>Unsere Dienstleistungen im Tagesgesch\u00e4ft: PC, Server, Drucker, Peripherie reparieren Internetzugang \u00fcber DSL, UMTS, LTE technisch bereitstellen Mobiler Internetzugang bereitstellen, (Wir erledigen auch gerne den Antrag f\u00fcr Sie) Anbinden von Home-Office, Filiale, Au\u00dfendienst via DSL \/ UMTS, LTE etc. Einschlie\u00dflich des entfernten Druckens. Netzwerkweiter Virenschutz, Firewall implementieren Implementieren wirkungsvolle Sicherheitsl\u00f6sungen die das Surfen und E-Mails bereits &#8230; <a title=\"PC, Netzwerk, Datensicherheit\" class=\"read-more\" href=\"https:\/\/hilzinger-it.de\/wp-nuvos22\/leistungen\/\" aria-label=\"Mehr Informationen \u00fcber PC, Netzwerk, Datensicherheit\">Read more<\/a><\/p>\n","protected":false},"author":1,"featured_media":0,"parent":0,"menu_order":100,"comment_status":"closed","ping_status":"closed","template":"","meta":{"footnotes":""},"class_list":["post-21","page","type-page","status-publish"],"_links":{"self":[{"href":"https:\/\/hilzinger-it.de\/wp-nuvos22\/wp-json\/wp\/v2\/pages\/21","targetHints":{"allow":["GET"]}}],"collection":[{"href":"https:\/\/hilzinger-it.de\/wp-nuvos22\/wp-json\/wp\/v2\/pages"}],"about":[{"href":"https:\/\/hilzinger-it.de\/wp-nuvos22\/wp-json\/wp\/v2\/types\/page"}],"author":[{"embeddable":true,"href":"https:\/\/hilzinger-it.de\/wp-nuvos22\/wp-json\/wp\/v2\/users\/1"}],"replies":[{"embeddable":true,"href":"https:\/\/hilzinger-it.de\/wp-nuvos22\/wp-json\/wp\/v2\/comments?post=21"}],"version-history":[{"count":13,"href":"https:\/\/hilzinger-it.de\/wp-nuvos22\/wp-json\/wp\/v2\/pages\/21\/revisions"}],"predecessor-version":[{"id":590,"href":"https:\/\/hilzinger-it.de\/wp-nuvos22\/wp-json\/wp\/v2\/pages\/21\/revisions\/590"}],"wp:attachment":[{"href":"https:\/\/hilzinger-it.de\/wp-nuvos22\/wp-json\/wp\/v2\/media?parent=21"}],"curies":[{"name":"wp","href":"https:\/\/api.w.org\/{rel}","templated":true}]}}