{"id":2,"date":"2019-10-24T16:24:34","date_gmt":"2019-10-24T14:24:34","guid":{"rendered":"http:\/\/hilzinger-it.de\/wp-nuvos22\/?page_id=2"},"modified":"2020-01-31T19:47:54","modified_gmt":"2020-01-31T18:47:54","slug":"beispiel-seite","status":"publish","type":"page","link":"https:\/\/hilzinger-it.de\/wp-nuvos22\/","title":{"rendered":"Home"},"content":{"rendered":"\t\t<div data-elementor-type=\"wp-page\" data-elementor-id=\"2\" class=\"elementor elementor-2\">\n\t\t\t\t\t\t<section class=\"elementor-section elementor-top-section elementor-element elementor-element-f851338 elementor-section-boxed elementor-section-height-default elementor-section-height-default\" data-id=\"f851338\" data-element_type=\"section\" data-e-type=\"section\">\n\t\t\t\t\t\t<div class=\"elementor-container elementor-column-gap-default\">\n\t\t\t\t\t<div class=\"elementor-column elementor-col-33 elementor-top-column elementor-element elementor-element-e494b71 elementor-invisible\" data-id=\"e494b71\" data-element_type=\"column\" data-e-type=\"column\" data-settings=\"{&quot;animation&quot;:&quot;fadeIn&quot;,&quot;animation_delay&quot;:100}\">\n\t\t\t<div class=\"elementor-widget-wrap elementor-element-populated\">\n\t\t\t\t\t\t<div class=\"elementor-element elementor-element-31c121b elementor-widget elementor-widget-image\" data-id=\"31c121b\" data-element_type=\"widget\" data-e-type=\"widget\" data-widget_type=\"image.default\">\n\t\t\t\t<div class=\"elementor-widget-container\">\n\t\t\t\t\t\t\t\t\t\t\t\t\t\t\t\t<a href=\"#\">\n\t\t\t\t\t\t\t<img decoding=\"async\" width=\"300\" height=\"166\" src=\"https:\/\/hilzinger-it.de\/wp-nuvos22\/wp-content\/uploads\/2020\/01\/support-1984617_1280-300x166.png\" class=\"attachment-medium size-medium wp-image-448\" alt=\"\" srcset=\"https:\/\/hilzinger-it.de\/wp-nuvos22\/wp-content\/uploads\/2020\/01\/support-1984617_1280-300x166.png 300w, https:\/\/hilzinger-it.de\/wp-nuvos22\/wp-content\/uploads\/2020\/01\/support-1984617_1280-1024x566.png 1024w, https:\/\/hilzinger-it.de\/wp-nuvos22\/wp-content\/uploads\/2020\/01\/support-1984617_1280-768x425.png 768w, https:\/\/hilzinger-it.de\/wp-nuvos22\/wp-content\/uploads\/2020\/01\/support-1984617_1280.png 1280w\" sizes=\"(max-width: 300px) 100vw, 300px\" \/>\t\t\t\t\t\t\t\t<\/a>\n\t\t\t\t\t\t\t\t\t\t\t\t\t\t\t<\/div>\n\t\t\t\t<\/div>\n\t\t\t\t<div class=\"elementor-element elementor-element-c245c81 elementor-widget elementor-widget-text-editor\" data-id=\"c245c81\" data-element_type=\"widget\" data-e-type=\"widget\" data-widget_type=\"text-editor.default\">\n\t\t\t\t<div class=\"elementor-widget-container\">\n\t\t\t\t\t\t\t\t\t<h3>IT-Betreuung<\/h3><p>Zuverl\u00e4ssig und kompetent betreuen wir Ihre IT.<\/p><p>Hier im Haus per Fernwartung, vor Ort,<br \/>oder in unserer Werkstatt.<\/p><p>Damit Sie sich auf Ihr Gesch\u00e4ft konzentrieren k\u00f6nnen!<\/p><p>\u00a0<\/p>\t\t\t\t\t\t\t\t<\/div>\n\t\t\t\t<\/div>\n\t\t\t\t\t<\/div>\n\t\t<\/div>\n\t\t\t\t<div class=\"elementor-column elementor-col-33 elementor-top-column elementor-element elementor-element-2088fbc animated-slow elementor-invisible\" data-id=\"2088fbc\" data-element_type=\"column\" data-e-type=\"column\" data-settings=\"{&quot;animation&quot;:&quot;fadeIn&quot;,&quot;animation_delay&quot;:900}\">\n\t\t\t<div class=\"elementor-widget-wrap elementor-element-populated\">\n\t\t\t\t\t\t<div class=\"elementor-element elementor-element-5b0c5c8 elementor-widget elementor-widget-text-editor\" data-id=\"5b0c5c8\" data-element_type=\"widget\" data-e-type=\"widget\" data-widget_type=\"text-editor.default\">\n\t\t\t\t<div class=\"elementor-widget-container\">\n\t\t\t\t\t\t\t\t\t<h3><img fetchpriority=\"high\" decoding=\"async\" class=\"alignnone wp-image-443 size-full\" src=\"https:\/\/hilzinger-it.de\/wp-nuvos22\/wp-content\/uploads\/2020\/01\/dual-screen-1745705_1280-e1578912044556.png\" alt=\"\" width=\"1127\" height=\"750\"><\/h3>\n<h3>Monitoring \/ Proaktive \u00dcberwachung<\/h3>\n<p>Verf\u00fcgbarkeit und Performance lassen sich deutlich erh\u00f6hen, Datenverlust verhindern.<\/p>\n<p>Durch stetige \u00dcberwachung wichtiger Parameter lassen sich viele Ausf\u00e4lle und Unterbrechungen des Bertriebes vermeiden.<\/p>\t\t\t\t\t\t\t\t<\/div>\n\t\t\t\t<\/div>\n\t\t\t\t\t<\/div>\n\t\t<\/div>\n\t\t\t\t<div class=\"elementor-column elementor-col-33 elementor-top-column elementor-element elementor-element-728833f animated-slow elementor-invisible\" data-id=\"728833f\" data-element_type=\"column\" data-e-type=\"column\" data-settings=\"{&quot;animation&quot;:&quot;fadeIn&quot;,&quot;animation_delay&quot;:300}\">\n\t\t\t<div class=\"elementor-widget-wrap elementor-element-populated\">\n\t\t\t\t\t\t<div class=\"elementor-element elementor-element-a36a5ac elementor-widget elementor-widget-text-editor\" data-id=\"a36a5ac\" data-element_type=\"widget\" data-e-type=\"widget\" data-widget_type=\"text-editor.default\">\n\t\t\t\t<div class=\"elementor-widget-container\">\n\t\t\t\t\t\t\t\t\t<h3><a href=\"https:\/\/hilzinger-it.de\/wp-nuvos22\/uebersicht\/\"><img decoding=\"async\" class=\"aligncenter wp-image-163 size-full\" src=\"https:\/\/hilzinger-it.de\/wp-nuvos22\/wp-content\/uploads\/2020\/01\/Teaser_Rewe_Ohne_Text.png\" alt=\"\" width=\"2050\" height=\"540\" srcset=\"https:\/\/hilzinger-it.de\/wp-nuvos22\/wp-content\/uploads\/2020\/01\/Teaser_Rewe_Ohne_Text.png 2050w, https:\/\/hilzinger-it.de\/wp-nuvos22\/wp-content\/uploads\/2020\/01\/Teaser_Rewe_Ohne_Text-300x79.png 300w, https:\/\/hilzinger-it.de\/wp-nuvos22\/wp-content\/uploads\/2020\/01\/Teaser_Rewe_Ohne_Text-1024x270.png 1024w, https:\/\/hilzinger-it.de\/wp-nuvos22\/wp-content\/uploads\/2020\/01\/Teaser_Rewe_Ohne_Text-768x202.png 768w, https:\/\/hilzinger-it.de\/wp-nuvos22\/wp-content\/uploads\/2020\/01\/Teaser_Rewe_Ohne_Text-1536x405.png 1536w, https:\/\/hilzinger-it.de\/wp-nuvos22\/wp-content\/uploads\/2020\/01\/Teaser_Rewe_Ohne_Text-2048x539.png 2048w\" sizes=\"(max-width: 2050px) 100vw, 2050px\" \/><\/a><\/h3><h3><a href=\"https:\/\/hilzinger-it.de\/wp-nuvos22\/uebersicht\/\"><span style=\"color: #000000;\">Kaufm\u00e4nnische<\/span><\/a><br \/><span style=\"color: #000000;\">Software<\/span><\/h3><div><span style=\"color: #000000;\"><a style=\"color: #000000;\" href=\"https:\/\/hilzinger-it.de\/wp-nuvos22\/uebersicht\/\">Optimierte Abl\u00e4ufe, Zeitersparnis,<\/a><\/span><br \/><span style=\"color: #000000;\"><a style=\"color: #000000;\" href=\"https:\/\/hilzinger-it.de\/wp-nuvos22\/uebersicht\/\">Wichtige Zahlen immer parat!<\/a><\/span><br \/><span style=\"color: #000000;\"><a style=\"color: #000000;\" href=\"https:\/\/hilzinger-it.de\/wp-nuvos22\/uebersicht\/\">Hilzinger IT hilft Ihnen, dank<\/a> <a style=\"color: #000000;\" href=\"https:\/\/hilzinger-it.de\/wp-nuvos22\/uebersicht\/\">\u00fcber 20-j\u00e4hriger Erfahrung<\/a> <a style=\"color: #000000;\" href=\"https:\/\/hilzinger-it.de\/wp-nuvos22\/uebersicht\/\">L\u00f6sungen erfolgreich<\/a> <a style=\"color: #000000;\" href=\"https:\/\/hilzinger-it.de\/wp-nuvos22\/uebersicht\/\">einzuf\u00fchren.<\/a><\/span><br \/><a href=\"https:\/\/hilzinger-it.de\/wp-nuvos22\/uebersicht\/\"><span style=\"color: #000000;\">Mehr&#8230;<br \/><\/span><\/a><br \/><img loading=\"lazy\" decoding=\"async\" class=\"wp-image-609 aligncenter\" src=\"https:\/\/hilzinger-it.de\/wp-nuvos22\/wp-content\/uploads\/KompetenzWawi2020-300x300.png\" alt=\"\" width=\"115\" height=\"115\" srcset=\"https:\/\/hilzinger-it.de\/wp-nuvos22\/wp-content\/uploads\/KompetenzWawi2020-300x300.png 300w, https:\/\/hilzinger-it.de\/wp-nuvos22\/wp-content\/uploads\/KompetenzWawi2020-150x150.png 150w, https:\/\/hilzinger-it.de\/wp-nuvos22\/wp-content\/uploads\/KompetenzWawi2020.png 521w\" sizes=\"(max-width: 115px) 100vw, 115px\" \/><\/div>\t\t\t\t\t\t\t\t<\/div>\n\t\t\t\t<\/div>\n\t\t\t\t\t<\/div>\n\t\t<\/div>\n\t\t\t\t\t<\/div>\n\t\t<\/section>\n\t\t\t\t<section class=\"elementor-section elementor-top-section elementor-element elementor-element-7a95a76 elementor-section-boxed elementor-section-height-default elementor-section-height-default\" data-id=\"7a95a76\" data-element_type=\"section\" data-e-type=\"section\">\n\t\t\t\t\t\t<div class=\"elementor-container elementor-column-gap-default\">\n\t\t\t\t\t<div class=\"elementor-column elementor-col-33 elementor-top-column elementor-element elementor-element-cf90f53 elementor-invisible\" data-id=\"cf90f53\" data-element_type=\"column\" data-e-type=\"column\" data-settings=\"{&quot;animation&quot;:&quot;fadeIn&quot;,&quot;animation_delay&quot;:100}\">\n\t\t\t<div class=\"elementor-widget-wrap elementor-element-populated\">\n\t\t\t\t\t\t<div class=\"elementor-element elementor-element-c0628bb elementor-widget elementor-widget-text-editor\" data-id=\"c0628bb\" data-element_type=\"widget\" data-e-type=\"widget\" data-widget_type=\"text-editor.default\">\n\t\t\t\t<div class=\"elementor-widget-container\">\n\t\t\t\t\t\t\t\t\t<h3><img loading=\"lazy\" decoding=\"async\" class=\"alignnone size-medium wp-image-451\" src=\"https:\/\/hilzinger-it.de\/wp-nuvos22\/wp-content\/uploads\/2020\/01\/Netgear1-300x231.png\" alt=\"\" width=\"300\" height=\"231\" srcset=\"https:\/\/hilzinger-it.de\/wp-nuvos22\/wp-content\/uploads\/2020\/01\/Netgear1-300x231.png 300w, https:\/\/hilzinger-it.de\/wp-nuvos22\/wp-content\/uploads\/2020\/01\/Netgear1.png 524w\" sizes=\"(max-width: 300px) 100vw, 300px\" \/><\/h3><h3>Hardware, Standardsoftware<\/h3><p>Wir beraten individuell,<br \/>liefern und implentieren Komponenten, passgenau zum jeweiligen Bedarf.<\/p>\t\t\t\t\t\t\t\t<\/div>\n\t\t\t\t<\/div>\n\t\t\t\t\t<\/div>\n\t\t<\/div>\n\t\t\t\t<div class=\"elementor-column elementor-col-33 elementor-top-column elementor-element elementor-element-377ba35 animated-slow elementor-invisible\" data-id=\"377ba35\" data-element_type=\"column\" data-e-type=\"column\" data-settings=\"{&quot;animation&quot;:&quot;fadeIn&quot;,&quot;animation_delay&quot;:900}\">\n\t\t\t<div class=\"elementor-widget-wrap elementor-element-populated\">\n\t\t\t\t\t\t<div class=\"elementor-element elementor-element-8abc362 elementor-widget elementor-widget-text-editor\" data-id=\"8abc362\" data-element_type=\"widget\" data-e-type=\"widget\" data-widget_type=\"text-editor.default\">\n\t\t\t\t<div class=\"elementor-widget-container\">\n\t\t\t\t\t\t\t\t\t<h3><img loading=\"lazy\" decoding=\"async\" class=\"wp-image-446 aligncenter\" src=\"https:\/\/hilzinger-it.de\/wp-nuvos22\/wp-content\/uploads\/2020\/01\/keyboard-283232_640-300x212.jpg\" alt=\"\" width=\"192\" height=\"136\" srcset=\"https:\/\/hilzinger-it.de\/wp-nuvos22\/wp-content\/uploads\/2020\/01\/keyboard-283232_640-300x212.jpg 300w, https:\/\/hilzinger-it.de\/wp-nuvos22\/wp-content\/uploads\/2020\/01\/keyboard-283232_640.jpg 640w\" sizes=\"(max-width: 192px) 100vw, 192px\" \/><\/h3><h3>Ihre Daten<br \/>gesch\u00fctzt und sicher<\/h3><div><p>Keine Experimente wenn es um Ihre Daten geht!<br \/>Unsere Kunden sind ausgestattet mit ausgereiften L\u00f6sungen bew\u00e4hrter Hersteller!<br \/>Wir sind geschult und gew\u00e4hrleisten deren fachgerechten Einsatz.<\/p><\/div>\t\t\t\t\t\t\t\t<\/div>\n\t\t\t\t<\/div>\n\t\t\t\t\t<\/div>\n\t\t<\/div>\n\t\t\t\t<div class=\"elementor-column elementor-col-33 elementor-top-column elementor-element elementor-element-eb0beed animated-slow elementor-invisible\" data-id=\"eb0beed\" data-element_type=\"column\" data-e-type=\"column\" data-settings=\"{&quot;animation&quot;:&quot;fadeIn&quot;,&quot;animation_delay&quot;:300}\">\n\t\t\t<div class=\"elementor-widget-wrap elementor-element-populated\">\n\t\t\t\t\t\t<div class=\"elementor-element elementor-element-e06db6b elementor-widget elementor-widget-text-editor\" data-id=\"e06db6b\" data-element_type=\"widget\" data-e-type=\"widget\" data-widget_type=\"text-editor.default\">\n\t\t\t\t<div class=\"elementor-widget-container\">\n\t\t\t\t\t\t\t\t\t<h3><img loading=\"lazy\" decoding=\"async\" class=\"aligncenter wp-image-454\" src=\"https:\/\/hilzinger-it.de\/wp-nuvos22\/wp-content\/uploads\/2020\/01\/social-media-3846597_1280-300x189.png\" alt=\"\" width=\"300\" height=\"189\" srcset=\"https:\/\/hilzinger-it.de\/wp-nuvos22\/wp-content\/uploads\/2020\/01\/social-media-3846597_1280-300x189.png 300w, https:\/\/hilzinger-it.de\/wp-nuvos22\/wp-content\/uploads\/2020\/01\/social-media-3846597_1280-1024x646.png 1024w, https:\/\/hilzinger-it.de\/wp-nuvos22\/wp-content\/uploads\/2020\/01\/social-media-3846597_1280-768x484.png 768w, https:\/\/hilzinger-it.de\/wp-nuvos22\/wp-content\/uploads\/2020\/01\/social-media-3846597_1280.png 1280w\" sizes=\"(max-width: 300px) 100vw, 300px\" \/><\/h3>\n<h3>Kommunikation, Organisation<\/h3>\n<p>ist heute mehr als E-Mail und Kalender.<br>Wir implementieren L\u00f6sungen f\u00fcr gemeinsames und ortsunabh\u00e4ngiges Arbeiten ohne Verzicht auf die gewohnten&nbsp; pers\u00f6nlichen Arbeitsbereiche.<\/p>\t\t\t\t\t\t\t\t<\/div>\n\t\t\t\t<\/div>\n\t\t\t\t\t<\/div>\n\t\t<\/div>\n\t\t\t\t\t<\/div>\n\t\t<\/section>\n\t\t\t\t<\/div>\n\t\t","protected":false},"excerpt":{"rendered":"<p>IT-Betreuung Zuverl\u00e4ssig und kompetent betreuen wir Ihre IT. Hier im Haus per Fernwartung, vor Ort,oder in unserer Werkstatt. Damit Sie sich auf Ihr Gesch\u00e4ft konzentrieren k\u00f6nnen! \u00a0 Monitoring \/ Proaktive \u00dcberwachung Verf\u00fcgbarkeit und Performance lassen sich deutlich erh\u00f6hen, Datenverlust verhindern. Durch stetige \u00dcberwachung wichtiger Parameter lassen sich viele Ausf\u00e4lle und Unterbrechungen des Bertriebes vermeiden. Kaufm\u00e4nnischeSoftware &#8230; <a title=\"Home\" class=\"read-more\" href=\"https:\/\/hilzinger-it.de\/wp-nuvos22\/\" aria-label=\"Mehr Informationen \u00fcber Home\">Read more<\/a><\/p>\n","protected":false},"author":1,"featured_media":0,"parent":0,"menu_order":0,"comment_status":"closed","ping_status":"open","template":"","meta":{"footnotes":""},"class_list":["post-2","page","type-page","status-publish"],"_links":{"self":[{"href":"https:\/\/hilzinger-it.de\/wp-nuvos22\/wp-json\/wp\/v2\/pages\/2","targetHints":{"allow":["GET"]}}],"collection":[{"href":"https:\/\/hilzinger-it.de\/wp-nuvos22\/wp-json\/wp\/v2\/pages"}],"about":[{"href":"https:\/\/hilzinger-it.de\/wp-nuvos22\/wp-json\/wp\/v2\/types\/page"}],"author":[{"embeddable":true,"href":"https:\/\/hilzinger-it.de\/wp-nuvos22\/wp-json\/wp\/v2\/users\/1"}],"replies":[{"embeddable":true,"href":"https:\/\/hilzinger-it.de\/wp-nuvos22\/wp-json\/wp\/v2\/comments?post=2"}],"version-history":[{"count":112,"href":"https:\/\/hilzinger-it.de\/wp-nuvos22\/wp-json\/wp\/v2\/pages\/2\/revisions"}],"predecessor-version":[{"id":625,"href":"https:\/\/hilzinger-it.de\/wp-nuvos22\/wp-json\/wp\/v2\/pages\/2\/revisions\/625"}],"wp:attachment":[{"href":"https:\/\/hilzinger-it.de\/wp-nuvos22\/wp-json\/wp\/v2\/media?parent=2"}],"curies":[{"name":"wp","href":"https:\/\/api.w.org\/{rel}","templated":true}]}}