{"id":183,"date":"2020-01-07T17:07:12","date_gmt":"2020-01-07T16:07:12","guid":{"rendered":"https:\/\/hilzinger-it.de\/wp-nuvos22\/?page_id=183"},"modified":"2020-01-31T15:53:59","modified_gmt":"2020-01-31T14:53:59","slug":"sl-mobile","status":"publish","type":"page","link":"https:\/\/hilzinger-it.de\/wp-nuvos22\/sl-mobile\/","title":{"rendered":"SelectLine Mobile"},"content":{"rendered":"<p><strong><img decoding=\"async\" class=\"alignright size-full wp-image-110\" src=\"https:\/\/hilzinger-it.de\/wp-nuvos22\/wp-content\/uploads\/2020\/01\/SLmobileLogo.png\" alt=\"\" width=\"100\" height=\"100\" \/>SelectLine Mobile<\/strong> erm\u00f6glicht Ihnen bei vorhandener Internetverbindung schnellen unkomplizierten Zugriff auf Ihre Warenwirtschaft und CRM mit verschiedensten mobilen Ger\u00e4ten.<\/p>\n<p>Egal ob iPhone, Android-Smartphone, Tablet oder PC &#8211; via Browser haben Ihre Mitarbeiter gesch\u00fctzten Live-Zugriff auf die freigegebenen Ressourcen.<\/p>\n<p>\u00dcber die Rechteverwaltung k\u00f6nnen Sie individuell f\u00fcr jeden Anwender Berechtigungen in verschiedenen Bereichen vergeben.<\/p>\n<p><strong>Ein ideales Werkzeug f\u00fcr den Au\u00dfendienstler:<\/strong><\/p>\n<ul>\n<li style=\"margin-bottom: 8px;\"><span style=\"color: #333333;\">Mit wenigen Eingaben k\u00f6nnen per Umkreissuche aus dem Auto heraus die n\u00e4chsten umliegenden Kunden ermittelt und angerufen werden<br \/>\n<\/span><\/li>\n<li style=\"margin-bottom: 8px;\"><span style=\"color: #333333;\">Umsatzzahlen und Belege k\u00f6nnen unmittelbar vor dem\/im Termin eingesehen werden<br \/>\n<\/span><\/li>\n<li style=\"margin-bottom: 8px;\"><span style=\"color: #333333;\">Lagerbest\u00e4nde, Lieferf\u00e4higkeit und -Zeit k\u00f6nnen im Kundentermin ermittelt werden<br \/>\n<\/span><\/li>\n<li style=\"margin-bottom: 8px;\"><span style=\"color: #333333;\">Belege k\u00f6nnen direkt vor Ort beim Kunden erfasst werden, auf Wunsch inkl. Unterschrift des Kunden<\/span><\/li>\n<li style=\"margin-bottom: 8px;\"><span style=\"color: #333333;\">Monteure k\u00f6nnen Ihre Arbeitszeit und den Materialverbrauch direkt vor Ort erfassen und optional auch quittieren lassen.<\/span><\/li>\n<\/ul>\n<p><a class=\"button\" href=\"https:\/\/www.SelectLine.de\/data\/uploads\/2015\/11\/Leistungsbeschreibung.pdf\">SelectLine Leistungsbeschreibung<\/a><\/p>\n<p><img fetchpriority=\"high\" decoding=\"async\" class=\"alignnone wp-image-184 size-full\" src=\"https:\/\/hilzinger-it.de\/wp-nuvos22\/wp-content\/uploads\/2020\/01\/Teaser_Wawi_Ohne_Text.png\" alt=\"\" width=\"2050\" height=\"540\" srcset=\"https:\/\/hilzinger-it.de\/wp-nuvos22\/wp-content\/uploads\/2020\/01\/Teaser_Wawi_Ohne_Text.png 2050w, https:\/\/hilzinger-it.de\/wp-nuvos22\/wp-content\/uploads\/2020\/01\/Teaser_Wawi_Ohne_Text-300x79.png 300w, https:\/\/hilzinger-it.de\/wp-nuvos22\/wp-content\/uploads\/2020\/01\/Teaser_Wawi_Ohne_Text-1024x270.png 1024w, https:\/\/hilzinger-it.de\/wp-nuvos22\/wp-content\/uploads\/2020\/01\/Teaser_Wawi_Ohne_Text-768x202.png 768w, https:\/\/hilzinger-it.de\/wp-nuvos22\/wp-content\/uploads\/2020\/01\/Teaser_Wawi_Ohne_Text-1536x405.png 1536w, https:\/\/hilzinger-it.de\/wp-nuvos22\/wp-content\/uploads\/2020\/01\/Teaser_Wawi_Ohne_Text-2048x539.png 2048w\" sizes=\"(max-width: 2050px) 100vw, 2050px\" \/><\/p>\n","protected":false},"excerpt":{"rendered":"<p>SelectLine Mobile erm\u00f6glicht Ihnen bei vorhandener Internetverbindung schnellen unkomplizierten Zugriff auf Ihre Warenwirtschaft und CRM mit verschiedensten mobilen Ger\u00e4ten. Egal ob iPhone, Android-Smartphone, Tablet oder PC &#8211; via Browser haben Ihre Mitarbeiter gesch\u00fctzten Live-Zugriff auf die freigegebenen Ressourcen. \u00dcber die Rechteverwaltung k\u00f6nnen Sie individuell f\u00fcr jeden Anwender Berechtigungen in verschiedenen Bereichen vergeben. Ein ideales Werkzeug &#8230; <a title=\"SelectLine Mobile\" class=\"read-more\" href=\"https:\/\/hilzinger-it.de\/wp-nuvos22\/sl-mobile\/\" aria-label=\"Mehr Informationen \u00fcber SelectLine Mobile\">Read more<\/a><\/p>\n","protected":false},"author":2,"featured_media":0,"parent":0,"menu_order":0,"comment_status":"closed","ping_status":"closed","template":"","meta":{"footnotes":""},"class_list":["post-183","page","type-page","status-publish"],"_links":{"self":[{"href":"https:\/\/hilzinger-it.de\/wp-nuvos22\/wp-json\/wp\/v2\/pages\/183","targetHints":{"allow":["GET"]}}],"collection":[{"href":"https:\/\/hilzinger-it.de\/wp-nuvos22\/wp-json\/wp\/v2\/pages"}],"about":[{"href":"https:\/\/hilzinger-it.de\/wp-nuvos22\/wp-json\/wp\/v2\/types\/page"}],"author":[{"embeddable":true,"href":"https:\/\/hilzinger-it.de\/wp-nuvos22\/wp-json\/wp\/v2\/users\/2"}],"replies":[{"embeddable":true,"href":"https:\/\/hilzinger-it.de\/wp-nuvos22\/wp-json\/wp\/v2\/comments?post=183"}],"version-history":[{"count":20,"href":"https:\/\/hilzinger-it.de\/wp-nuvos22\/wp-json\/wp\/v2\/pages\/183\/revisions"}],"predecessor-version":[{"id":607,"href":"https:\/\/hilzinger-it.de\/wp-nuvos22\/wp-json\/wp\/v2\/pages\/183\/revisions\/607"}],"wp:attachment":[{"href":"https:\/\/hilzinger-it.de\/wp-nuvos22\/wp-json\/wp\/v2\/media?parent=183"}],"curies":[{"name":"wp","href":"https:\/\/api.w.org\/{rel}","templated":true}]}}