{"id":174,"date":"2020-01-07T16:42:58","date_gmt":"2020-01-07T15:42:58","guid":{"rendered":"https:\/\/hilzinger-it.de\/wp-nuvos22\/?page_id=174"},"modified":"2020-01-27T17:51:08","modified_gmt":"2020-01-27T16:51:08","slug":"produktion","status":"publish","type":"page","link":"https:\/\/hilzinger-it.de\/wp-nuvos22\/produktion\/","title":{"rendered":"Produktion"},"content":{"rendered":"<p><img decoding=\"async\" class=\"alignright size-full wp-image-111\" src=\"https:\/\/hilzinger-it.de\/wp-nuvos22\/wp-content\/uploads\/2020\/01\/ProduktionLogo.png\" alt=\"\" width=\"100\" height=\"100\" \/>Die <strong>SelectLine Produktionssteuerung<\/strong> erweitert die Warenwirtschaft um den Bereich Fertigungsplanung.<\/p>\n<p>Mit diesem Werkzeug optimieren Sie Ihre Produktion, indem Sie Engp\u00e4sse fr\u00fchzeitig erkennen &#8211; und Leerlauf vermeiden k\u00f6nnen<\/p>\n<ul>\n<li style=\"margin-bottom: 8px;\"><span style=\"color: #333333;\">Maschinen und Mitarbeiter werden optimal ausgelastet<\/span><\/li>\n<li style=\"margin-bottom: 8px;\"><span style=\"color: #333333;\">Umplanungen aufgrund von fehlendem Material, Ausfall von Mitarbeitern, etc. k\u00f6nnen Sie routiniert durchf\u00fchren<\/span><\/li>\n<li style=\"margin-bottom: 8px;\"><span style=\"color: #333333;\">Die Arbeitszeit wird bei den Herstellkosten automatisch in der SelectLine Warenwirtschaft berechnet.<\/span><\/li>\n<li style=\"margin-bottom: 8px;\"><span style=\"color: #333333;\">Die Sicht auf die Plantafel kann von 5-Minuten-genauer Feinplanung bis zur 90-t\u00e4gigen Grobplanung skaliert werden.<\/span><\/li>\n<li style=\"margin-bottom: 8px;\"><span style=\"color: #333333;\">Parallele und \u00fcberlappende Fertigung ist m\u00f6glich<\/span><\/li>\n<li style=\"margin-bottom: 8px;\"><span style=\"color: #333333;\">Auch komplexe St\u00fccklisten aus dem Anlagenbau werden \u00fcbersichtlich dargestellt!<\/span><\/li>\n<li style=\"margin-bottom: 8px;\"><span style=\"color: #333333;\">Planung per drag and drop!<\/span><\/li>\n<\/ul>\n<p><a class=\"button\" href=\"https:\/\/www.SelectLine.de\/data\/uploads\/2015\/11\/Leistungsbeschreibung.pdf\">SelectLine Leistungsbeschreibung<\/a><\/p>\n<p><img fetchpriority=\"high\" decoding=\"async\" class=\"alignnone wp-image-169 size-full\" src=\"https:\/\/hilzinger-it.de\/wp-nuvos22\/wp-content\/uploads\/2020\/01\/Teaser_Produktion_Mit_Text.png\" alt=\"\" width=\"2050\" height=\"540\" srcset=\"https:\/\/hilzinger-it.de\/wp-nuvos22\/wp-content\/uploads\/2020\/01\/Teaser_Produktion_Mit_Text.png 2050w, https:\/\/hilzinger-it.de\/wp-nuvos22\/wp-content\/uploads\/2020\/01\/Teaser_Produktion_Mit_Text-300x79.png 300w, https:\/\/hilzinger-it.de\/wp-nuvos22\/wp-content\/uploads\/2020\/01\/Teaser_Produktion_Mit_Text-1024x270.png 1024w, https:\/\/hilzinger-it.de\/wp-nuvos22\/wp-content\/uploads\/2020\/01\/Teaser_Produktion_Mit_Text-768x202.png 768w, https:\/\/hilzinger-it.de\/wp-nuvos22\/wp-content\/uploads\/2020\/01\/Teaser_Produktion_Mit_Text-1536x405.png 1536w, https:\/\/hilzinger-it.de\/wp-nuvos22\/wp-content\/uploads\/2020\/01\/Teaser_Produktion_Mit_Text-2048x539.png 2048w\" sizes=\"(max-width: 2050px) 100vw, 2050px\" \/><\/p>\n","protected":false},"excerpt":{"rendered":"<p>Die SelectLine Produktionssteuerung erweitert die Warenwirtschaft um den Bereich Fertigungsplanung. Mit diesem Werkzeug optimieren Sie Ihre Produktion, indem Sie Engp\u00e4sse fr\u00fchzeitig erkennen &#8211; und Leerlauf vermeiden k\u00f6nnen Maschinen und Mitarbeiter werden optimal ausgelastet Umplanungen aufgrund von fehlendem Material, Ausfall von Mitarbeitern, etc. k\u00f6nnen Sie routiniert durchf\u00fchren Die Arbeitszeit wird bei den Herstellkosten automatisch in der &#8230; <a title=\"Produktion\" class=\"read-more\" href=\"https:\/\/hilzinger-it.de\/wp-nuvos22\/produktion\/\" aria-label=\"Mehr Informationen \u00fcber Produktion\">Read more<\/a><\/p>\n","protected":false},"author":2,"featured_media":0,"parent":0,"menu_order":3,"comment_status":"closed","ping_status":"closed","template":"","meta":{"footnotes":""},"class_list":["post-174","page","type-page","status-publish"],"_links":{"self":[{"href":"https:\/\/hilzinger-it.de\/wp-nuvos22\/wp-json\/wp\/v2\/pages\/174","targetHints":{"allow":["GET"]}}],"collection":[{"href":"https:\/\/hilzinger-it.de\/wp-nuvos22\/wp-json\/wp\/v2\/pages"}],"about":[{"href":"https:\/\/hilzinger-it.de\/wp-nuvos22\/wp-json\/wp\/v2\/types\/page"}],"author":[{"embeddable":true,"href":"https:\/\/hilzinger-it.de\/wp-nuvos22\/wp-json\/wp\/v2\/users\/2"}],"replies":[{"embeddable":true,"href":"https:\/\/hilzinger-it.de\/wp-nuvos22\/wp-json\/wp\/v2\/comments?post=174"}],"version-history":[{"count":20,"href":"https:\/\/hilzinger-it.de\/wp-nuvos22\/wp-json\/wp\/v2\/pages\/174\/revisions"}],"predecessor-version":[{"id":579,"href":"https:\/\/hilzinger-it.de\/wp-nuvos22\/wp-json\/wp\/v2\/pages\/174\/revisions\/579"}],"wp:attachment":[{"href":"https:\/\/hilzinger-it.de\/wp-nuvos22\/wp-json\/wp\/v2\/media?parent=174"}],"curies":[{"name":"wp","href":"https:\/\/api.w.org\/{rel}","templated":true}]}}