{"id":162,"date":"2020-01-07T16:16:39","date_gmt":"2020-01-07T15:16:39","guid":{"rendered":"https:\/\/hilzinger-it.de\/wp-nuvos22\/?page_id=162"},"modified":"2020-01-08T22:05:21","modified_gmt":"2020-01-08T21:05:21","slug":"rechnungswesen","status":"publish","type":"page","link":"https:\/\/hilzinger-it.de\/wp-nuvos22\/rechnungswesen\/","title":{"rendered":"Rechnungswesen"},"content":{"rendered":"<p><img decoding=\"async\" class=\"alignright size-full wp-image-109\" src=\"https:\/\/hilzinger-it.de\/wp-nuvos22\/wp-content\/uploads\/2020\/01\/RechnungswesenLogo.png\" alt=\"\" width=\"100\" height=\"100\" \/>Im <strong>SelectLine Rechnungswesen<\/strong> stecken \u00fcber 25 Jahre Herstellererfahrung.<\/p>\n<ul>\n<li style=\"margin-bottom: 8px;\"><span style=\"color: #333333;\">Fremdw\u00e4hrungen und Valutaausgleich<\/span><\/li>\n<li style=\"margin-bottom: 8px;\"><span style=\"color: #333333;\">OP-Verwaltung<\/span><\/li>\n<li style=\"margin-bottom: 8px;\"><span style=\"color: #333333;\">Bis zu 5-stufiges Mahnwesen, mit Zinsen<\/span><\/li>\n<li style=\"margin-bottom: 8px;\"><span style=\"color: #333333;\">Automatisches verbuchen elektronischer Kontoausz\u00fcge<\/span><\/li>\n<li style=\"margin-bottom: 8px;\"><span style=\"color: #333333;\">DATEV-Schnittstelle<\/span><\/li>\n<li style=\"margin-bottom: 8px;\"><span style=\"color: #333333;\">IDEA-Schnittstelle<\/span><\/li>\n<li style=\"margin-bottom: 8px;\"><span style=\"color: #333333;\">ELSTER-Versand<\/span><\/li>\n<\/ul>\n<p>Deutsche, \u00f6sterreichische und schweizer Mandanten k\u00f6nnen in einem Programm verwaltet werden, selbstverst\u00e4ndlich inklusive der \u00fcblichen Kontenrahmen, Voranmeldungen etc.<\/p>\n<p><a class=\"button\" href=\"https:\/\/www.SelectLine.de\/data\/uploads\/2015\/11\/Leistungsbeschreibung.pdf\">SelectLine Leistungsbeschreibung<\/a><\/p>\n<p><img fetchpriority=\"high\" decoding=\"async\" class=\"aligncenter wp-image-163 size-full\" src=\"https:\/\/hilzinger-it.de\/wp-nuvos22\/wp-content\/uploads\/2020\/01\/Teaser_Rewe_Ohne_Text.png\" alt=\"\" width=\"2050\" height=\"540\" srcset=\"https:\/\/hilzinger-it.de\/wp-nuvos22\/wp-content\/uploads\/2020\/01\/Teaser_Rewe_Ohne_Text.png 2050w, https:\/\/hilzinger-it.de\/wp-nuvos22\/wp-content\/uploads\/2020\/01\/Teaser_Rewe_Ohne_Text-300x79.png 300w, https:\/\/hilzinger-it.de\/wp-nuvos22\/wp-content\/uploads\/2020\/01\/Teaser_Rewe_Ohne_Text-1024x270.png 1024w, https:\/\/hilzinger-it.de\/wp-nuvos22\/wp-content\/uploads\/2020\/01\/Teaser_Rewe_Ohne_Text-768x202.png 768w, https:\/\/hilzinger-it.de\/wp-nuvos22\/wp-content\/uploads\/2020\/01\/Teaser_Rewe_Ohne_Text-1536x405.png 1536w, https:\/\/hilzinger-it.de\/wp-nuvos22\/wp-content\/uploads\/2020\/01\/Teaser_Rewe_Ohne_Text-2048x539.png 2048w\" sizes=\"(max-width: 2050px) 100vw, 2050px\" \/><\/p>\n<p>&nbsp;<\/p>\n","protected":false},"excerpt":{"rendered":"<p>Im SelectLine Rechnungswesen stecken \u00fcber 25 Jahre Herstellererfahrung. Fremdw\u00e4hrungen und Valutaausgleich OP-Verwaltung Bis zu 5-stufiges Mahnwesen, mit Zinsen Automatisches verbuchen elektronischer Kontoausz\u00fcge DATEV-Schnittstelle IDEA-Schnittstelle ELSTER-Versand Deutsche, \u00f6sterreichische und schweizer Mandanten k\u00f6nnen in einem Programm verwaltet werden, selbstverst\u00e4ndlich inklusive der \u00fcblichen Kontenrahmen, Voranmeldungen etc. SelectLine Leistungsbeschreibung &nbsp;<\/p>\n","protected":false},"author":2,"featured_media":0,"parent":0,"menu_order":1,"comment_status":"closed","ping_status":"closed","template":"","meta":{"footnotes":""},"class_list":["post-162","page","type-page","status-publish"],"_links":{"self":[{"href":"https:\/\/hilzinger-it.de\/wp-nuvos22\/wp-json\/wp\/v2\/pages\/162","targetHints":{"allow":["GET"]}}],"collection":[{"href":"https:\/\/hilzinger-it.de\/wp-nuvos22\/wp-json\/wp\/v2\/pages"}],"about":[{"href":"https:\/\/hilzinger-it.de\/wp-nuvos22\/wp-json\/wp\/v2\/types\/page"}],"author":[{"embeddable":true,"href":"https:\/\/hilzinger-it.de\/wp-nuvos22\/wp-json\/wp\/v2\/users\/2"}],"replies":[{"embeddable":true,"href":"https:\/\/hilzinger-it.de\/wp-nuvos22\/wp-json\/wp\/v2\/comments?post=162"}],"version-history":[{"count":15,"href":"https:\/\/hilzinger-it.de\/wp-nuvos22\/wp-json\/wp\/v2\/pages\/162\/revisions"}],"predecessor-version":[{"id":353,"href":"https:\/\/hilzinger-it.de\/wp-nuvos22\/wp-json\/wp\/v2\/pages\/162\/revisions\/353"}],"wp:attachment":[{"href":"https:\/\/hilzinger-it.de\/wp-nuvos22\/wp-json\/wp\/v2\/media?parent=162"}],"curies":[{"name":"wp","href":"https:\/\/api.w.org\/{rel}","templated":true}]}}