{"id":150,"date":"2020-01-07T14:38:02","date_gmt":"2020-01-07T13:38:02","guid":{"rendered":"https:\/\/hilzinger-it.de\/wp-nuvos22\/?page_id=150"},"modified":"2020-02-03T11:50:58","modified_gmt":"2020-02-03T10:50:58","slug":"warenwirtschaft","status":"publish","type":"page","link":"https:\/\/hilzinger-it.de\/wp-nuvos22\/warenwirtschaft\/","title":{"rendered":"Warenwirtschaft"},"content":{"rendered":"<p><img decoding=\"async\" class=\"alignright size-full wp-image-108\" src=\"https:\/\/hilzinger-it.de\/wp-nuvos22\/wp-content\/uploads\/2020\/01\/WawiLogo.png\" alt=\"\" width=\"100\" height=\"100\" \/>Die <strong>SelectLine Warenwirtschaft<\/strong> ist eine betriebswirtschaftliche Komplettl\u00f6sung.<br \/>\nBranchenneutral &#8211; jedoch anpassbar an die Belange Ihres Betriebes und die Spezialit\u00e4ten Ihrer Branche. Von der Eingabemaske bis zur Druckausgabe ist die Warenwirtschaft in hohem Ma\u00dfe anpassbar. Vom Einkauf, \u00fcber den Verkauf, bis zur Garantieabwicklung haben Sie alles im Griff und immer den \u00dcberblick.<\/p>\n<p>Module k\u00f6nnen hinzugef\u00fcgt und ausgetauscht werden.<\/p>\n<p>Module, auszugsweise:<\/p>\n<ul>\n<li style=\"margin-bottom: 8px;\"><span style=\"color: #333333;\"><strong>Versandmodul<br \/>\n<\/strong>Zur Anmeldund Ihrer Pakete bei vielen relevanten versendern, inklusive deren spezielle Einzeltarife.<\/span><\/li>\n<li style=\"margin-bottom: 8px;\"><span style=\"color: #333333;\"><strong>CRM-Modul<br \/>\n<\/strong>Ein Werkzeug f\u00fcr alle Aussendienstler, vom Vertrieb bis zur Technik<\/span><\/li>\n<li style=\"margin-bottom: 8px;\"><span style=\"color: #333333;\"><strong>SelectLine Mobile<br \/>\n<\/strong>Der mobile und ger\u00e4teunabh\u00e4ngige Zugriff via Smartphone, Tablet, etc., inkl. Zugriff auf CRM, Belegerfassung, etc.<\/span><\/li>\n<li style=\"margin-bottom: 8px;\"><span style=\"color: #333333;\"><strong>RMA-Verwaltung<br \/>\n<\/strong>Garantie- und R\u00fccksendeabwicklung<\/span><\/li>\n<\/ul>\n<p>&#8230;. und weitere<\/p>\n<p><a class=\"button\" href=\"https:\/\/www.SelectLine.de\/data\/uploads\/2015\/11\/Leistungsbeschreibung.pdf\">SelectLine Leistungsbeschreibung<\/a><\/p>\n<p><img fetchpriority=\"high\" decoding=\"async\" class=\"aligncenter wp-image-156 size-full\" src=\"https:\/\/hilzinger-it.de\/wp-nuvos22\/wp-content\/uploads\/2020\/01\/Teaser_Wawi_Mit_Text.png\" alt=\"\" width=\"2050\" height=\"540\" srcset=\"https:\/\/hilzinger-it.de\/wp-nuvos22\/wp-content\/uploads\/2020\/01\/Teaser_Wawi_Mit_Text.png 2050w, https:\/\/hilzinger-it.de\/wp-nuvos22\/wp-content\/uploads\/2020\/01\/Teaser_Wawi_Mit_Text-300x79.png 300w, https:\/\/hilzinger-it.de\/wp-nuvos22\/wp-content\/uploads\/2020\/01\/Teaser_Wawi_Mit_Text-1024x270.png 1024w, https:\/\/hilzinger-it.de\/wp-nuvos22\/wp-content\/uploads\/2020\/01\/Teaser_Wawi_Mit_Text-768x202.png 768w, https:\/\/hilzinger-it.de\/wp-nuvos22\/wp-content\/uploads\/2020\/01\/Teaser_Wawi_Mit_Text-1536x405.png 1536w, https:\/\/hilzinger-it.de\/wp-nuvos22\/wp-content\/uploads\/2020\/01\/Teaser_Wawi_Mit_Text-2048x539.png 2048w\" sizes=\"(max-width: 2050px) 100vw, 2050px\" \/><\/p>\n","protected":false},"excerpt":{"rendered":"<p>Die SelectLine Warenwirtschaft ist eine betriebswirtschaftliche Komplettl\u00f6sung. Branchenneutral &#8211; jedoch anpassbar an die Belange Ihres Betriebes und die Spezialit\u00e4ten Ihrer Branche. Von der Eingabemaske bis zur Druckausgabe ist die Warenwirtschaft in hohem Ma\u00dfe anpassbar. Vom Einkauf, \u00fcber den Verkauf, bis zur Garantieabwicklung haben Sie alles im Griff und immer den \u00dcberblick. Module k\u00f6nnen hinzugef\u00fcgt und &#8230; <a title=\"Warenwirtschaft\" class=\"read-more\" href=\"https:\/\/hilzinger-it.de\/wp-nuvos22\/warenwirtschaft\/\" aria-label=\"Mehr Informationen \u00fcber Warenwirtschaft\">Read more<\/a><\/p>\n","protected":false},"author":2,"featured_media":0,"parent":0,"menu_order":1,"comment_status":"closed","ping_status":"closed","template":"","meta":{"footnotes":""},"class_list":["post-150","page","type-page","status-publish"],"_links":{"self":[{"href":"https:\/\/hilzinger-it.de\/wp-nuvos22\/wp-json\/wp\/v2\/pages\/150","targetHints":{"allow":["GET"]}}],"collection":[{"href":"https:\/\/hilzinger-it.de\/wp-nuvos22\/wp-json\/wp\/v2\/pages"}],"about":[{"href":"https:\/\/hilzinger-it.de\/wp-nuvos22\/wp-json\/wp\/v2\/types\/page"}],"author":[{"embeddable":true,"href":"https:\/\/hilzinger-it.de\/wp-nuvos22\/wp-json\/wp\/v2\/users\/2"}],"replies":[{"embeddable":true,"href":"https:\/\/hilzinger-it.de\/wp-nuvos22\/wp-json\/wp\/v2\/comments?post=150"}],"version-history":[{"count":20,"href":"https:\/\/hilzinger-it.de\/wp-nuvos22\/wp-json\/wp\/v2\/pages\/150\/revisions"}],"predecessor-version":[{"id":626,"href":"https:\/\/hilzinger-it.de\/wp-nuvos22\/wp-json\/wp\/v2\/pages\/150\/revisions\/626"}],"wp:attachment":[{"href":"https:\/\/hilzinger-it.de\/wp-nuvos22\/wp-json\/wp\/v2\/media?parent=150"}],"curies":[{"name":"wp","href":"https:\/\/api.w.org\/{rel}","templated":true}]}}